{"id":28878,"date":"2022-03-09T20:18:49","date_gmt":"2022-03-09T19:18:49","guid":{"rendered":"https:\/\/clos-genevaz.ch\/?page_id=28878"},"modified":"2024-02-06T09:07:28","modified_gmt":"2024-02-06T08:07:28","slug":"degustations","status":"publish","type":"page","link":"https:\/\/clos-genevaz.ch\/en\/degustations\/","title":{"rendered":"WINE TESTINGS"},"content":{"rendered":"<section class=\"section\" id=\"section_324527523\">\n\t\t<div class=\"section-bg fill\" >\n\t\t\t\t\t\t\t\t\t\n\t\t\t\n\n\t\t<\/div>\n\n\t\t\n\n\t\t<div class=\"section-content relative\">\n\t\t\t\n\n<div class=\"container section-title-container\" ><h1 class=\"section-title section-title-normal\"><b aria-hidden=\"true\"><\/b><span class=\"section-title-main\" >WINE TESTINGS<\/span><b aria-hidden=\"true\"><\/b><\/h1><\/div>\n\n<p><span style=\"color: #000000;\">Tous nos \u00e9v\u00e8nements sont annonc\u00e9s sur notre site ou par newsletter<\/span> (<a href=\"mailto:josiane.malherbe@genevaz.ch\"><strong><span style=\"color: #918515;\">josiane.malherbe@genevaz.ch<\/span><\/strong><\/a>)<\/p>\n<p><span style=\"color: #000000;\">Si vous souhaitez obtenir des informations sur une visite du caveau ou une d\u00e9gustation priv\u00e9e, composer le<\/span> <strong><span style=\"color: #918515;\">num\u00e9ro de t\u00e9l\u00e9phone<\/span><\/strong>: <span style=\"color: #918515;\"><span style=\"color: #000000;\">+41 (0)76 375 99 77<\/span><strong>.<\/strong><\/span><\/p>\n\t<div id=\"text-1704628171\" class=\"text hidden\">\n\t\t\n\n<p>All our wine tastings are announced on our site or by newsletter (<a class=\"paraRed\" href=\"mailto:josiane.malherbe@genevaz.ch\">josiane.malherbe@genevaz.ch<\/a>)<br \/>Contact us for a tour of the cellar or a private wine tasting +41 (0) 76 375 99 77<\/p>\n<p><em><strong>1st formula - price per person (ttc)<\/strong><\/em><\/p>\n<p>1 glass of wine 1 dl CHF 5.-<br>\n3 glasses of wine, eg. 1 white, 1 ros\u00e9, 1 Pinot Noir CHF 12.-<br>\nSpecialties, for example<br>\n1 glass of Renardeau, Perles de Lavaux, Doral CHF 7.-<br \/>3 verres de vin, par ex. 1 blanc, 1 ros\u00e9, 1 Pinot Noir CHF 12.-<br \/>Sp\u00e9cialit\u00e9s, par ex.<br \/>1 verre de Renardeau, Perles de Lavaux, Doral CHF 7.-<\/p>\n<p><em><strong>2nd formula - price per person<\/strong><\/em><\/p>\n<p>Tasting of - CHF 30.-<br \/>3 whites + 1 ros\u00e9 + 1 Pinot Noir<br \/>small aperitif side<\/p>\n<p><em><strong>3rd formula - From 4 people - price per person<\/strong><\/em><\/p>\n<p>Tasting of all our wines - CHF 40.-<br \/>3 whites, 3 specialties, 1 ros\u00e9, 3 reds<br \/>cheese, sausage, aperitif accompaniments<\/p>\n<p>Other formulas (tent rental, etc.): 076 375 99 77 - - <a class=\"paraRed\" href=\"mailto:josiane.malherbe@genevaz.ch\">josiane.malherbe@genevaz.ch<\/a><\/p>\n\t\t\t<\/div>\n\t\n<div class=\"row\"  id=\"row-1977584763\">\n\n\n\t<div id=\"col-117140366\" class=\"col small-12 large-12\"  >\n\t\t\t\t<div class=\"col-inner text-center\"  >\n\t\t\t\n\t\t\t\n\n\n\n<iframe src=\"https:\/\/www.google.com\/maps\/embed?pb=!1m18!1m12!1m3!1d1413.6099814748932!2d6.718316446839121!3d46.49357580752616!2m3!1f0!2f0!3f0!3m2!1i1024!2i768!4f13.1!3m3!1m2!1s0x478c28c77383a209%3A0x510f849807c205e7!2sDomaine%20Gen%C3%A9vaz%20-%20Josiane%20Malherbe!5e0!3m2!1sfr!2sch!4v1646866083833!5m2!1sfr!2sch\" style=\"border:0;\" allowfullscreen=\"\" loading=\"lazy\" width=\"600\" height=\"450\"><\/iframe>\n\n\n\t\t<\/div>\n\t\t\t\t\t<\/div>\n\n\t\n\n<\/div>\n\n\t\t<\/div>\n\n\t\t\n<style>\n#section_324527523 {\n  padding-top: 30px;\n  padding-bottom: 30px;\n}\n<\/style>\n\t<\/section>","protected":false},"excerpt":{"rendered":"","protected":false},"author":1,"featured_media":0,"parent":0,"menu_order":0,"comment_status":"closed","ping_status":"closed","template":"","meta":{"footnotes":""},"class_list":["post-28878","page","type-page","status-publish","hentry"],"_links":{"self":[{"href":"https:\/\/clos-genevaz.ch\/en\/wp-json\/wp\/v2\/pages\/28878","targetHints":{"allow":["GET"]}}],"collection":[{"href":"https:\/\/clos-genevaz.ch\/en\/wp-json\/wp\/v2\/pages"}],"about":[{"href":"https:\/\/clos-genevaz.ch\/en\/wp-json\/wp\/v2\/types\/page"}],"author":[{"embeddable":true,"href":"https:\/\/clos-genevaz.ch\/en\/wp-json\/wp\/v2\/users\/1"}],"replies":[{"embeddable":true,"href":"https:\/\/clos-genevaz.ch\/en\/wp-json\/wp\/v2\/comments?post=28878"}],"version-history":[{"count":9,"href":"https:\/\/clos-genevaz.ch\/en\/wp-json\/wp\/v2\/pages\/28878\/revisions"}],"predecessor-version":[{"id":29882,"href":"https:\/\/clos-genevaz.ch\/en\/wp-json\/wp\/v2\/pages\/28878\/revisions\/29882"}],"wp:attachment":[{"href":"https:\/\/clos-genevaz.ch\/en\/wp-json\/wp\/v2\/media?parent=28878"}],"curies":[{"name":"wp","href":"https:\/\/api.w.org\/{rel}","templated":true}]}}