{"id":29628,"date":"2022-10-18T11:25:13","date_gmt":"2022-10-18T09:25:13","guid":{"rendered":"https:\/\/clos-genevaz.ch\/?post_type=product&#038;p=29628"},"modified":"2022-10-18T11:25:46","modified_gmt":"2022-10-18T09:25:46","slug":"le-villette-70cl","status":"publish","type":"product","link":"https:\/\/clos-genevaz.ch\/de\/produkt\/le-villette-70cl\/","title":{"rendered":"Le Villette (70cl)"},"content":{"rendered":"<p>Weisser Aperitifwein, der sich durch seine Frische und sein mineralisch gepr\u00e4gtes Bouquet auszeichnet, das so typisch ist f\u00fcr dieses einzigartige Terroir des Lavaux, mit seinen steilen, terrassierten Rebh\u00e4ngen. Ideal zum Aperitf oder zu Fisch.<\/p>","protected":false},"excerpt":{"rendered":"<p>inkl. MwSt.<\/p>\n<p>Chasselas des terres de Villette - Lavaux AOC<\/p>\n<p>1 bouteille de 50cl<\/p>","protected":false},"featured_media":29189,"template":"","meta":[],"product_brand":[],"product_cat":[70],"product_tag":[44,42,51],"class_list":{"0":"post-29628","1":"product","2":"type-product","3":"status-publish","4":"has-post-thumbnail","6":"product_cat-wines","7":"product_tag-blanc","8":"product_tag-vin","9":"product_tag-vins","11":"first","12":"instock","13":"shipping-taxable","14":"purchasable","15":"product-type-simple"},"_links":{"self":[{"href":"https:\/\/clos-genevaz.ch\/de\/wp-json\/wp\/v2\/product\/29628","targetHints":{"allow":["GET"]}}],"collection":[{"href":"https:\/\/clos-genevaz.ch\/de\/wp-json\/wp\/v2\/product"}],"about":[{"href":"https:\/\/clos-genevaz.ch\/de\/wp-json\/wp\/v2\/types\/product"}],"wp:featuredmedia":[{"embeddable":true,"href":"https:\/\/clos-genevaz.ch\/de\/wp-json\/wp\/v2\/media\/29189"}],"wp:attachment":[{"href":"https:\/\/clos-genevaz.ch\/de\/wp-json\/wp\/v2\/media?parent=29628"}],"wp:term":[{"taxonomy":"product_brand","embeddable":true,"href":"https:\/\/clos-genevaz.ch\/de\/wp-json\/wp\/v2\/product_brand?post=29628"},{"taxonomy":"product_cat","embeddable":true,"href":"https:\/\/clos-genevaz.ch\/de\/wp-json\/wp\/v2\/product_cat?post=29628"},{"taxonomy":"product_tag","embeddable":true,"href":"https:\/\/clos-genevaz.ch\/de\/wp-json\/wp\/v2\/product_tag?post=29628"}],"curies":[{"name":"wp","href":"https:\/\/api.w.org\/{rel}","templated":true}]}}