{"id":29626,"date":"2022-10-18T11:22:12","date_gmt":"2022-10-18T09:22:12","guid":{"rendered":"https:\/\/clos-genevaz.ch\/?post_type=product&#038;p=29626"},"modified":"2025-03-27T08:00:39","modified_gmt":"2025-03-27T07:00:39","slug":"pinot-noir-70cl","status":"publish","type":"product","link":"https:\/\/clos-genevaz.ch\/de\/produit\/pinot-noir-70cl\/","title":{"rendered":"Pinot Noir (70cl)"},"content":{"rendered":"<div id=\"description\" class=\"tab-pane fade in active\" role=\"tabpanel\">\n<div class=\"product-description\">\n<p>Ein h\u00f6chst authentischer, farbkr\u00e4ftiger Pinot Noir, der durch seine herrliche Frucht besticht und sich ausladend sowie mit seidig weichen Tanninen pr\u00e4sentiert. Ein Wein, der schon in seiner Jugend sehr gut zu gefallen weiss, sich aber nach ein paar Jahren der Lagerung noch sch\u00f6ner entfaltet.\nDer ideale Begleiter zu Fleischgerichten und zu K\u00e4se.<\/p>\n<\/div>\n<\/div>","protected":false},"excerpt":{"rendered":"<div class=\"product-prices\">\n<div class=\"tax-shipping-delivery-label\">inkl. MwSt.<\/div>\n<\/div>\n<div class=\"product-information\">\n<div id=\"product-description-short-6\">\n<p>Domaine Gen\u00e9vaz<\/p>\n<p>1 bouteille de 70cl<\/p>\n<\/div>\n<\/div>","protected":false},"featured_media":29207,"template":"","meta":[],"product_brand":[],"product_cat":[24],"product_tag":[52,43,42,51],"class_list":{"0":"post-29626","1":"product","2":"type-product","3":"status-publish","4":"has-post-thumbnail","6":"product_cat-vins","7":"product_tag-pinot","8":"product_tag-rouge","9":"product_tag-vin","10":"product_tag-vins","12":"first","13":"instock","14":"shipping-taxable","15":"purchasable","16":"product-type-simple"},"_links":{"self":[{"href":"https:\/\/clos-genevaz.ch\/de\/wp-json\/wp\/v2\/product\/29626","targetHints":{"allow":["GET"]}}],"collection":[{"href":"https:\/\/clos-genevaz.ch\/de\/wp-json\/wp\/v2\/product"}],"about":[{"href":"https:\/\/clos-genevaz.ch\/de\/wp-json\/wp\/v2\/types\/product"}],"wp:featuredmedia":[{"embeddable":true,"href":"https:\/\/clos-genevaz.ch\/de\/wp-json\/wp\/v2\/media\/29207"}],"wp:attachment":[{"href":"https:\/\/clos-genevaz.ch\/de\/wp-json\/wp\/v2\/media?parent=29626"}],"wp:term":[{"taxonomy":"product_brand","embeddable":true,"href":"https:\/\/clos-genevaz.ch\/de\/wp-json\/wp\/v2\/product_brand?post=29626"},{"taxonomy":"product_cat","embeddable":true,"href":"https:\/\/clos-genevaz.ch\/de\/wp-json\/wp\/v2\/product_cat?post=29626"},{"taxonomy":"product_tag","embeddable":true,"href":"https:\/\/clos-genevaz.ch\/de\/wp-json\/wp\/v2\/product_tag?post=29626"}],"curies":[{"name":"wp","href":"https:\/\/api.w.org\/{rel}","templated":true}]}}