{"id":29485,"date":"2022-06-13T22:29:39","date_gmt":"2022-06-13T20:29:39","guid":{"rendered":"https:\/\/clos-genevaz.ch\/?post_type=product&#038;p=29485"},"modified":"2023-09-05T11:42:40","modified_gmt":"2023-09-05T09:42:40","slug":"champ-noe-bouteille","status":"publish","type":"product","link":"https:\/\/clos-genevaz.ch\/de\/produkt\/champ-noe-bouteille\/","title":{"rendered":"Champ No\u00e9 (70cl)"},"content":{"rendered":"<p>Mit seiner anhaltenden Farbe, Aromen von frischen Fr\u00fcchten und w\u00fcrzigen Noten dr\u00fcckt es seine Geschmeidigkeit im Mund mit gegenw\u00e4rtigen und dynamischen Tanninen aus. Ideal zum Grillen und Aperitif, passt auch f\u00fcr Fleisch in Saucen oder verschiedenen Fondues.<\/p>","protected":false},"excerpt":{"rendered":"<div class=\"product-prices\">\n<div class=\"tax-shipping-delivery-label\">inkl. MwSt.<\/div>\n<\/div>\n<div class=\"product-information\">\n<div id=\"product-description-short-21\">\n<p>70 cl. Assemblage aus Diolinoir und Gamaret.<\/p>\n<\/div>\n<\/div>","protected":false},"featured_media":29138,"template":"","meta":[],"product_brand":[],"product_cat":[21],"product_tag":[43,42,51],"class_list":{"0":"post-29485","1":"product","2":"type-product","3":"status-publish","4":"has-post-thumbnail","6":"product_cat-non-classe","7":"product_tag-rouge","8":"product_tag-vin","9":"product_tag-vins","11":"first","12":"instock","13":"shipping-taxable","14":"purchasable","15":"product-type-simple"},"_links":{"self":[{"href":"https:\/\/clos-genevaz.ch\/de\/wp-json\/wp\/v2\/product\/29485","targetHints":{"allow":["GET"]}}],"collection":[{"href":"https:\/\/clos-genevaz.ch\/de\/wp-json\/wp\/v2\/product"}],"about":[{"href":"https:\/\/clos-genevaz.ch\/de\/wp-json\/wp\/v2\/types\/product"}],"wp:featuredmedia":[{"embeddable":true,"href":"https:\/\/clos-genevaz.ch\/de\/wp-json\/wp\/v2\/media\/29138"}],"wp:attachment":[{"href":"https:\/\/clos-genevaz.ch\/de\/wp-json\/wp\/v2\/media?parent=29485"}],"wp:term":[{"taxonomy":"product_brand","embeddable":true,"href":"https:\/\/clos-genevaz.ch\/de\/wp-json\/wp\/v2\/product_brand?post=29485"},{"taxonomy":"product_cat","embeddable":true,"href":"https:\/\/clos-genevaz.ch\/de\/wp-json\/wp\/v2\/product_cat?post=29485"},{"taxonomy":"product_tag","embeddable":true,"href":"https:\/\/clos-genevaz.ch\/de\/wp-json\/wp\/v2\/product_tag?post=29485"}],"curies":[{"name":"wp","href":"https:\/\/api.w.org\/{rel}","templated":true}]}}