{"id":29473,"date":"2022-06-13T21:40:24","date_gmt":"2022-06-13T19:40:24","guid":{"rendered":"https:\/\/clos-genevaz.ch\/?post_type=product&#038;p=29473"},"modified":"2022-09-09T11:43:59","modified_gmt":"2022-09-09T09:43:59","slug":"epesses-bouteille","status":"publish","type":"product","link":"https:\/\/clos-genevaz.ch\/de\/produkt\/epesses-bouteille\/","title":{"rendered":"Epesses (70cl)"},"content":{"rendered":"<div id=\"description\" class=\"tab-pane fade in active\" role=\"tabpanel\">\n<div class=\"product-description\">\n<div align=\"justify\">Aus den typischen Steilh\u00e4ngen um Epesses stammt dieser Grand Cru, der durch einige Monate Lagerung, vor oder nach der Flaschenabf\u00fcllung, eine subtile Aromatik und eine zarte Mineralit\u00e4t entwickelt.<\/div>\n<div align=\"justify\">Eine sichere Wahl zum Aperitif, zu S\u00fcsswasserfisch, einem sch\u00f6nen K\u00e4se oder nat\u00fcrlich zu Fondue.<\/div>\n<\/div>\n<\/div>","protected":false},"excerpt":{"rendered":"<div class=\"product-prices\">\n<div class=\"tax-shipping-delivery-label\">inkl. MwSt.<\/div>\n<\/div>\n<div class=\"product-information\">\n<div id=\"product-description-short-15\">\n<p>Lavaux AOC<\/p>\n<p>1 bouteille de 70cl<\/p>\n<\/div>\n<\/div>","protected":false},"featured_media":29179,"template":"","meta":[],"product_brand":[],"product_cat":[21,70],"product_tag":[44,42,51],"class_list":{"0":"post-29473","1":"product","2":"type-product","3":"status-publish","4":"has-post-thumbnail","6":"product_cat-non-classe","7":"product_cat-wines","8":"product_tag-blanc","9":"product_tag-vin","10":"product_tag-vins","12":"first","13":"instock","14":"shipping-taxable","15":"purchasable","16":"product-type-simple"},"_links":{"self":[{"href":"https:\/\/clos-genevaz.ch\/de\/wp-json\/wp\/v2\/product\/29473","targetHints":{"allow":["GET"]}}],"collection":[{"href":"https:\/\/clos-genevaz.ch\/de\/wp-json\/wp\/v2\/product"}],"about":[{"href":"https:\/\/clos-genevaz.ch\/de\/wp-json\/wp\/v2\/types\/product"}],"wp:featuredmedia":[{"embeddable":true,"href":"https:\/\/clos-genevaz.ch\/de\/wp-json\/wp\/v2\/media\/29179"}],"wp:attachment":[{"href":"https:\/\/clos-genevaz.ch\/de\/wp-json\/wp\/v2\/media?parent=29473"}],"wp:term":[{"taxonomy":"product_brand","embeddable":true,"href":"https:\/\/clos-genevaz.ch\/de\/wp-json\/wp\/v2\/product_brand?post=29473"},{"taxonomy":"product_cat","embeddable":true,"href":"https:\/\/clos-genevaz.ch\/de\/wp-json\/wp\/v2\/product_cat?post=29473"},{"taxonomy":"product_tag","embeddable":true,"href":"https:\/\/clos-genevaz.ch\/de\/wp-json\/wp\/v2\/product_tag?post=29473"}],"curies":[{"name":"wp","href":"https:\/\/api.w.org\/{rel}","templated":true}]}}