{"id":29471,"date":"2022-06-13T21:34:38","date_gmt":"2022-06-13T19:34:38","guid":{"rendered":"https:\/\/clos-genevaz.ch\/?post_type=product&#038;p=29471"},"modified":"2022-09-09T11:43:59","modified_gmt":"2022-09-09T09:43:59","slug":"doral-tradition-50cl","status":"publish","type":"product","link":"https:\/\/clos-genevaz.ch\/de\/produkt\/doral-tradition-50cl\/","title":{"rendered":"Doral Tradition (50cl)"},"content":{"rendered":"<div id=\"description\" class=\"tab-pane fade in active\" role=\"tabpanel\">\n<div class=\"product-description\">\n<div align=\"justify\">Dieser Weisswein wird aus einer Sorte gekeltert, welche aus der Kreuzung zwischen Chasselas und Chardonnay hervorging.<\/div>\n<div align=\"justify\">Der Wein zeigt sehr florale D\u00fcfte mit etwas Akazie und einen f\u00fclligen, reichhaltigen Gaumen mit Noten von Zitrusfr\u00fcchten, welche ihm einen angenehm langen Abgang verleihen.\nEin k\u00f6stlicher Begleiter zu vielen Vorspeisen, zum Beispiel Fisch oder Terrinen.<\/div>\n<\/div>\n<\/div>","protected":false},"excerpt":{"rendered":"<div class=\"product-prices\">\n<div class=\"tax-shipping-delivery-label\">inkl. MwSt.<\/div>\n<\/div>\n<div class=\"product-information\">\n<div id=\"product-description-short-14\">\n<p>Tradition &#8211; Lavaux AOC<\/p>\n<p>1 bouteille de 50cl<\/p>\n<\/div>\n<\/div>","protected":false},"featured_media":29174,"template":"","meta":[],"product_brand":[],"product_cat":[21],"product_tag":[44,42,51],"class_list":{"0":"post-29471","1":"product","2":"type-product","3":"status-publish","4":"has-post-thumbnail","6":"product_cat-non-classe","7":"product_tag-blanc","8":"product_tag-vin","9":"product_tag-vins","11":"first","12":"instock","13":"shipping-taxable","14":"purchasable","15":"product-type-simple"},"_links":{"self":[{"href":"https:\/\/clos-genevaz.ch\/de\/wp-json\/wp\/v2\/product\/29471","targetHints":{"allow":["GET"]}}],"collection":[{"href":"https:\/\/clos-genevaz.ch\/de\/wp-json\/wp\/v2\/product"}],"about":[{"href":"https:\/\/clos-genevaz.ch\/de\/wp-json\/wp\/v2\/types\/product"}],"wp:featuredmedia":[{"embeddable":true,"href":"https:\/\/clos-genevaz.ch\/de\/wp-json\/wp\/v2\/media\/29174"}],"wp:attachment":[{"href":"https:\/\/clos-genevaz.ch\/de\/wp-json\/wp\/v2\/media?parent=29471"}],"wp:term":[{"taxonomy":"product_brand","embeddable":true,"href":"https:\/\/clos-genevaz.ch\/de\/wp-json\/wp\/v2\/product_brand?post=29471"},{"taxonomy":"product_cat","embeddable":true,"href":"https:\/\/clos-genevaz.ch\/de\/wp-json\/wp\/v2\/product_cat?post=29471"},{"taxonomy":"product_tag","embeddable":true,"href":"https:\/\/clos-genevaz.ch\/de\/wp-json\/wp\/v2\/product_tag?post=29471"}],"curies":[{"name":"wp","href":"https:\/\/api.w.org\/{rel}","templated":true}]}}