{"id":29221,"date":"2022-03-12T14:22:39","date_gmt":"2022-03-12T13:22:39","guid":{"rendered":"https:\/\/clos-genevaz.ch\/?post_type=product&#038;p=29221"},"modified":"2022-09-09T11:24:14","modified_gmt":"2022-09-09T09:24:14","slug":"eau-de-vie-de-lie","status":"publish","type":"product","link":"https:\/\/clos-genevaz.ch\/de\/produkt\/eau-de-vie-de-lie\/","title":{"rendered":"LIE - WEINHEFEBRAND"},"content":{"rendered":"<p>Weintrubbr\u00e4nde, die aus Trauben stammen, sind ein Destillat aus den G\u00e4rungsr\u00fcckst\u00e4nden des Weins, den dickfl\u00fcssigen Stoffen, die sich am Boden des Tanks absetzen.<\/p>","protected":false},"excerpt":{"rendered":"<div class=\"product-prices\">\n<div class=\"tax-shipping-delivery-label\">inkl. MwSt.<\/div>\n<\/div>\n<div class=\"product-information\">\n<div id=\"product-description-short-29\">\n<p class=\"article\">43% vol<\/p>\n<p class=\"article\">Weintrubbr\u00e4nde vom Domaine Gen\u00e9vaz - 70 cl.<\/p>\n<\/div>\n<\/div>","protected":false},"featured_media":29223,"template":"","meta":[],"product_brand":[],"product_cat":[30],"product_tag":[46,50],"class_list":{"0":"post-29221","1":"product","2":"type-product","3":"status-publish","4":"has-post-thumbnail","6":"product_cat-specialites","7":"product_tag-eau-de-vie","8":"product_tag-specialite","9":"product_shipping_class-global","11":"first","12":"instock","13":"shipping-taxable","14":"purchasable","15":"product-type-simple"},"_links":{"self":[{"href":"https:\/\/clos-genevaz.ch\/de\/wp-json\/wp\/v2\/product\/29221","targetHints":{"allow":["GET"]}}],"collection":[{"href":"https:\/\/clos-genevaz.ch\/de\/wp-json\/wp\/v2\/product"}],"about":[{"href":"https:\/\/clos-genevaz.ch\/de\/wp-json\/wp\/v2\/types\/product"}],"wp:featuredmedia":[{"embeddable":true,"href":"https:\/\/clos-genevaz.ch\/de\/wp-json\/wp\/v2\/media\/29223"}],"wp:attachment":[{"href":"https:\/\/clos-genevaz.ch\/de\/wp-json\/wp\/v2\/media?parent=29221"}],"wp:term":[{"taxonomy":"product_brand","embeddable":true,"href":"https:\/\/clos-genevaz.ch\/de\/wp-json\/wp\/v2\/product_brand?post=29221"},{"taxonomy":"product_cat","embeddable":true,"href":"https:\/\/clos-genevaz.ch\/de\/wp-json\/wp\/v2\/product_cat?post=29221"},{"taxonomy":"product_tag","embeddable":true,"href":"https:\/\/clos-genevaz.ch\/de\/wp-json\/wp\/v2\/product_tag?post=29221"}],"curies":[{"name":"wp","href":"https:\/\/api.w.org\/{rel}","templated":true}]}}