{"id":29219,"date":"2022-03-12T14:19:41","date_gmt":"2022-03-12T13:19:41","guid":{"rendered":"https:\/\/clos-genevaz.ch\/?post_type=product&#038;p=29219"},"modified":"2023-09-05T11:46:22","modified_gmt":"2023-09-05T09:46:22","slug":"renardeau-pot-vaudois","status":"publish","type":"product","link":"https:\/\/clos-genevaz.ch\/de\/produkt\/renardeau-pot-vaudois\/","title":{"rendered":"Renardeau &#8211; Pot Vaudois"},"content":{"rendered":"<div align=\"justify\"><b><strong> Renardeau<\/strong> Assemblage aus Diolinoir, Gamaret, Garanoir, im Eichenfass ausgebaut <br> <br><\/b><\/div>\n<p>Der Wein zeigt ein tiefes, dunkles Rot mit Violett-Reflexen. In der Nase ist er komplex mit Aromen von schwarzen Kirschen und eingekochten schwarzen Johannisbeeren, hinterlegt mit w\u00fcrzigen Noten. Im Gaumen wirkt er voll und rund und entfaltet dort seine W\u00fcrzigkeit, seine Aromen von dunklen Fr\u00fcchten und seine R\u00f6staromatik. Die Gerbstoffe sind gut strukturiert und doch weich, und tragen den Wein zu einem mineralischen und kraftvollen Abgang. Es empfiehlt sich, den Wein eine Stunde vor dem Geniessen zu dekantieren.\nIdeal zu rotem Fleisch, Wild oder zu Hartk\u00e4se, oder auch ganz ohne, einfach nur f\u00fcr ihn\nselbst.<\/p>","protected":false},"excerpt":{"rendered":"<div class=\"product-prices\">\n<div class=\"tax-shipping-delivery-label\">inkl. MwSt.<\/div>\n<\/div>\n<div class=\"product-information\">\n<div id=\"product-description-short-22\">\n<p>140 cl. &#8211; Assemblage nobles c\u00e9pages &#8211; Lavaux AOC<\/p>\n<\/div>\n<\/div>","protected":false},"featured_media":29220,"template":"","meta":[],"product_brand":[],"product_cat":[25,24,75,70],"product_tag":[48,43,42,51],"class_list":{"0":"post-29219","1":"product","2":"type-product","3":"status-publish","4":"has-post-thumbnail","6":"product_cat-rouges","7":"product_cat-vins","8":"product_cat-weine","9":"product_cat-wines","10":"product_tag-pot-vaudois","11":"product_tag-rouge","12":"product_tag-vin","13":"product_tag-vins","14":"product_shipping_class-global","16":"first","17":"instock","18":"shipping-taxable","19":"purchasable","20":"product-type-simple"},"_links":{"self":[{"href":"https:\/\/clos-genevaz.ch\/de\/wp-json\/wp\/v2\/product\/29219","targetHints":{"allow":["GET"]}}],"collection":[{"href":"https:\/\/clos-genevaz.ch\/de\/wp-json\/wp\/v2\/product"}],"about":[{"href":"https:\/\/clos-genevaz.ch\/de\/wp-json\/wp\/v2\/types\/product"}],"wp:featuredmedia":[{"embeddable":true,"href":"https:\/\/clos-genevaz.ch\/de\/wp-json\/wp\/v2\/media\/29220"}],"wp:attachment":[{"href":"https:\/\/clos-genevaz.ch\/de\/wp-json\/wp\/v2\/media?parent=29219"}],"wp:term":[{"taxonomy":"product_brand","embeddable":true,"href":"https:\/\/clos-genevaz.ch\/de\/wp-json\/wp\/v2\/product_brand?post=29219"},{"taxonomy":"product_cat","embeddable":true,"href":"https:\/\/clos-genevaz.ch\/de\/wp-json\/wp\/v2\/product_cat?post=29219"},{"taxonomy":"product_tag","embeddable":true,"href":"https:\/\/clos-genevaz.ch\/de\/wp-json\/wp\/v2\/product_tag?post=29219"}],"curies":[{"name":"wp","href":"https:\/\/api.w.org\/{rel}","templated":true}]}}