{"id":29214,"date":"2022-03-12T14:17:59","date_gmt":"2022-03-12T13:17:59","guid":{"rendered":"https:\/\/clos-genevaz.ch\/?post_type=product&#038;p=29214"},"modified":"2022-10-15T11:59:57","modified_gmt":"2022-10-15T09:59:57","slug":"renardeau","status":"publish","type":"product","link":"https:\/\/clos-genevaz.ch\/de\/produkt\/renardeau\/","title":{"rendered":"Renardeau"},"content":{"rendered":"<div id=\"description\" class=\"tab-pane fade in active\" role=\"tabpanel\">\n<div class=\"product-description\">\n<div align=\"justify\"><b><strong> Renardeau<\/strong> Assemblage aus Diolinoir, Gamaret, Garanoir, im Eichenfass ausgebaut <br> <br><\/b><\/div>\n<p>Der Wein zeigt ein tiefes, dunkles Rot mit Violette-Reflexen. In der Nase ist er komplex mit Aromen von schwarzen Kirschen und eingekochten schwarzen Johannisbeeren, hinterlegt mit w\u00fcrzigen Noten.\nIm Gaumen wirkt er voll und rund und entfaltet dort seine W\u00fcrzigkeit, seine Aromen von dunklen Fr\u00fcchten und seine R\u00f6staromatik. Die Gerbstoffe sind gut strukturiert und doch weich, und tragen den Wein zu einem mineralischen und kraftvollen Abgang. Es empfiehlt sich, den Wein eine Stunde vor dem Geniessen zu dekantieren. Ideal zu rotem Fleisch, Wild oder zu Hartk\u00e4se.<\/p>\n<\/div>\n<\/div>","protected":false},"excerpt":{"rendered":"<div class=\"product-prices\">\n<div class=\"tax-shipping-delivery-label\">inkl. MwSt.<\/div>\n<\/div>\n<div class=\"product-information\">\n<div id=\"product-description-short-8\">\n<p>Assemblage aus Diolinoir, Gamaret, Garanoir, im Eichenfass ausgebaut - Lavaux AOC<\/p>\n<p>12 Flaschen von 70 cl<\/p>\n<\/div>\n<\/div>","protected":false},"featured_media":29215,"template":"","meta":[],"product_brand":[],"product_cat":[25,24,75,70],"product_tag":[43,42,51],"class_list":{"0":"post-29214","1":"product","2":"type-product","3":"status-publish","4":"has-post-thumbnail","6":"product_cat-rouges","7":"product_cat-vins","8":"product_cat-weine","9":"product_cat-wines","10":"product_tag-rouge","11":"product_tag-vin","12":"product_tag-vins","13":"product_shipping_class-global","15":"first","16":"instock","17":"shipping-taxable","18":"purchasable","19":"product-type-variable","20":"has-default-attributes"},"_links":{"self":[{"href":"https:\/\/clos-genevaz.ch\/de\/wp-json\/wp\/v2\/product\/29214","targetHints":{"allow":["GET"]}}],"collection":[{"href":"https:\/\/clos-genevaz.ch\/de\/wp-json\/wp\/v2\/product"}],"about":[{"href":"https:\/\/clos-genevaz.ch\/de\/wp-json\/wp\/v2\/types\/product"}],"wp:featuredmedia":[{"embeddable":true,"href":"https:\/\/clos-genevaz.ch\/de\/wp-json\/wp\/v2\/media\/29215"}],"wp:attachment":[{"href":"https:\/\/clos-genevaz.ch\/de\/wp-json\/wp\/v2\/media?parent=29214"}],"wp:term":[{"taxonomy":"product_brand","embeddable":true,"href":"https:\/\/clos-genevaz.ch\/de\/wp-json\/wp\/v2\/product_brand?post=29214"},{"taxonomy":"product_cat","embeddable":true,"href":"https:\/\/clos-genevaz.ch\/de\/wp-json\/wp\/v2\/product_cat?post=29214"},{"taxonomy":"product_tag","embeddable":true,"href":"https:\/\/clos-genevaz.ch\/de\/wp-json\/wp\/v2\/product_tag?post=29214"}],"curies":[{"name":"wp","href":"https:\/\/api.w.org\/{rel}","templated":true}]}}