{"id":29160,"date":"2022-03-12T03:15:44","date_gmt":"2022-03-12T02:15:44","guid":{"rendered":"https:\/\/clos-genevaz.ch\/?post_type=product&#038;p=29160"},"modified":"2022-09-09T11:24:41","modified_gmt":"2022-09-09T09:24:41","slug":"marc-eau-de-vie","status":"publish","type":"product","link":"https:\/\/clos-genevaz.ch\/de\/produkt\/marc-eau-de-vie\/","title":{"rendered":"MARC - TRESTERBRAND"},"content":{"rendered":"<p>Der Tresterbrand ist einer der Br\u00e4nde, die von der Weinrebe angeboten werden. Der Trester ist der R\u00fcckstand beim Pressen, der Trester aus roten Trauben wird nach der G\u00e4rung gepresst und kann sofort destilliert werden.<\/p>","protected":false},"excerpt":{"rendered":"<div class=\"product-prices\">\n<div class=\"tax-shipping-delivery-label\">inkl. MwSt.<\/div>\n<\/div>\n<div class=\"product-information\">\n<div id=\"product-description-short-28\">\n<p class=\"article\">43% vol<\/p>\n<p class=\"article\">Tresterbrand vom Domaine Gen\u00e9vaz - 70 cl.<\/p>\n<\/div>\n<\/div>","protected":false},"featured_media":29135,"template":"","meta":[],"product_brand":[],"product_cat":[30],"product_tag":[46,50],"class_list":{"0":"post-29160","1":"product","2":"type-product","3":"status-publish","4":"has-post-thumbnail","6":"product_cat-specialites","7":"product_tag-eau-de-vie","8":"product_tag-specialite","9":"product_shipping_class-global","11":"first","12":"instock","13":"shipping-taxable","14":"purchasable","15":"product-type-simple"},"_links":{"self":[{"href":"https:\/\/clos-genevaz.ch\/de\/wp-json\/wp\/v2\/product\/29160","targetHints":{"allow":["GET"]}}],"collection":[{"href":"https:\/\/clos-genevaz.ch\/de\/wp-json\/wp\/v2\/product"}],"about":[{"href":"https:\/\/clos-genevaz.ch\/de\/wp-json\/wp\/v2\/types\/product"}],"wp:featuredmedia":[{"embeddable":true,"href":"https:\/\/clos-genevaz.ch\/de\/wp-json\/wp\/v2\/media\/29135"}],"wp:attachment":[{"href":"https:\/\/clos-genevaz.ch\/de\/wp-json\/wp\/v2\/media?parent=29160"}],"wp:term":[{"taxonomy":"product_brand","embeddable":true,"href":"https:\/\/clos-genevaz.ch\/de\/wp-json\/wp\/v2\/product_brand?post=29160"},{"taxonomy":"product_cat","embeddable":true,"href":"https:\/\/clos-genevaz.ch\/de\/wp-json\/wp\/v2\/product_cat?post=29160"},{"taxonomy":"product_tag","embeddable":true,"href":"https:\/\/clos-genevaz.ch\/de\/wp-json\/wp\/v2\/product_tag?post=29160"}],"curies":[{"name":"wp","href":"https:\/\/api.w.org\/{rel}","templated":true}]}}