{"id":29073,"date":"2022-03-10T01:39:01","date_gmt":"2022-03-10T00:39:01","guid":{"rendered":"https:\/\/clos-genevaz.ch\/?post_type=product&#038;p=29073"},"modified":"2023-09-05T12:02:18","modified_gmt":"2023-09-05T10:02:18","slug":"clos-genevaz","status":"publish","type":"product","link":"https:\/\/clos-genevaz.ch\/de\/produkt\/clos-genevaz\/","title":{"rendered":"Clos Genevaz"},"content":{"rendered":"<div id=\"description\" class=\"tab-pane fade in active\" role=\"tabpanel\">\n<div class=\"product-description\">\n<div>Der Clos Gen\u00e9vaz liegt im S\u00fcdosten des Dorfes Grandvaux. Diese aussergew\u00f6hnliche Lage sorgt daf\u00fcr, dass die Reben des Clos Gen\u00e9vaz von einer optimalen Sonneneinstrahlung profitieren.<\/div>\n<div>Dieser fruchtige, rassige Wein,ist wunderbar ausladend und lang anhaltend, ein Wein f\u00fcr zahlreiche k\u00f6stliche Momente.<\/div>\n<\/div>\n<\/div>","protected":false},"excerpt":{"rendered":"<p>inkl. MwSt.<\/p>\n<div id=\"product-description-short-4\">\n<p>Grand Cru<\/p>\n<p>Chasselas des terres de Villette - Lavaux AOC<\/p>\n<p>12 bouteilles de 70cl \/ 6 bouteilles de 70cl ou 50cl<\/p>\n<\/div>","protected":false},"featured_media":29076,"template":"","meta":[],"product_brand":[],"product_cat":[23,24,75,70],"product_tag":[44,47,42,51],"class_list":{"0":"post-29073","1":"product","2":"type-product","3":"status-publish","4":"has-post-thumbnail","6":"product_cat-blancs","7":"product_cat-vins","8":"product_cat-weine","9":"product_cat-wines","10":"product_tag-blanc","11":"product_tag-genevaz","12":"product_tag-vin","13":"product_tag-vins","14":"product_shipping_class-global","16":"first","17":"instock","18":"shipping-taxable","19":"purchasable","20":"product-type-variable","21":"has-default-attributes"},"_links":{"self":[{"href":"https:\/\/clos-genevaz.ch\/de\/wp-json\/wp\/v2\/product\/29073","targetHints":{"allow":["GET"]}}],"collection":[{"href":"https:\/\/clos-genevaz.ch\/de\/wp-json\/wp\/v2\/product"}],"about":[{"href":"https:\/\/clos-genevaz.ch\/de\/wp-json\/wp\/v2\/types\/product"}],"wp:featuredmedia":[{"embeddable":true,"href":"https:\/\/clos-genevaz.ch\/de\/wp-json\/wp\/v2\/media\/29076"}],"wp:attachment":[{"href":"https:\/\/clos-genevaz.ch\/de\/wp-json\/wp\/v2\/media?parent=29073"}],"wp:term":[{"taxonomy":"product_brand","embeddable":true,"href":"https:\/\/clos-genevaz.ch\/de\/wp-json\/wp\/v2\/product_brand?post=29073"},{"taxonomy":"product_cat","embeddable":true,"href":"https:\/\/clos-genevaz.ch\/de\/wp-json\/wp\/v2\/product_cat?post=29073"},{"taxonomy":"product_tag","embeddable":true,"href":"https:\/\/clos-genevaz.ch\/de\/wp-json\/wp\/v2\/product_tag?post=29073"}],"curies":[{"name":"wp","href":"https:\/\/api.w.org\/{rel}","templated":true}]}}